{"id":1706,"date":"2018-05-03T15:19:25","date_gmt":"2018-05-03T15:19:25","guid":{"rendered":"https:\/\/new.priort.com\/faq\/"},"modified":"2023-03-07T10:58:13","modified_gmt":"2023-03-07T10:58:13","slug":"faq","status":"publish","type":"page","link":"https:\/\/priort.com\/ca\/faq\/","title":{"rendered":"FAQ"},"content":{"rendered":"\n<style type=\"text\/css\" data-created_by=\"avia_inline_auto\" id=\"style-css-av-145nae-b856ee1b49484c5e2c3cb16309ed41d2\">\n.avia-section.av-145nae-b856ee1b49484c5e2c3cb16309ed41d2{\nbackground-repeat:no-repeat;\nbackground-image:url(https:\/\/priort.com\/wp-content\/uploads\/2022\/07\/pexels-keegan-checks-12715452-1500x630.jpg);\nbackground-position:50% 50%;\nbackground-attachment:scroll;\n}\n.avia-section.av-145nae-b856ee1b49484c5e2c3cb16309ed41d2 .av-section-color-overlay{\nopacity:0.6;\nbackground-color:#000000;\n}\n<\/style>\n<div id='av_section_1'  class='avia-section av-145nae-b856ee1b49484c5e2c3cb16309ed41d2 main_color avia-section-default avia-no-border-styling  avia-builder-el-0  el_before_av_section  avia-builder-el-first  avia-full-stretch avia-bg-style-scroll av-section-color-overlay-active av-minimum-height av-minimum-height-custom av-height-custom  container_wrap fullsize'  data-section-bg-repeat='stretch' data-av_minimum_height_px='230'><div class=\"av-section-color-overlay-wrap\"><div class=\"av-section-color-overlay\"><\/div><div class='container av-section-cont-open' style='height:230px'><main  role=\"main\" itemprop=\"mainContentOfPage\"  class='template-page content  av-content-full alpha units'><div class='post-entry post-entry-type-page post-entry-1706'><div class='entry-content-wrapper clearfix'>\n\n<style type=\"text\/css\" data-created_by=\"avia_inline_auto\" id=\"style-css-av-jgf3pjem-ee2a691ebc0a9a100bc99d372a9c72ca\">\n#top .flex_column.av-jgf3pjem-ee2a691ebc0a9a100bc99d372a9c72ca{\nmargin-top:0px;\nmargin-bottom:0px;\n}\n.flex_column.av-jgf3pjem-ee2a691ebc0a9a100bc99d372a9c72ca{\nborder-radius:0px 0px 0px 0px;\npadding:0px 0px 0px 0px;\n}\n.responsive #top #wrap_all .flex_column.av-jgf3pjem-ee2a691ebc0a9a100bc99d372a9c72ca{\nmargin-top:0px;\nmargin-bottom:0px;\n}\n<\/style>\n<div  class='flex_column av-jgf3pjem-ee2a691ebc0a9a100bc99d372a9c72ca av_one_full  avia-builder-el-1  avia-builder-el-no-sibling  first flex_column_div av-animated-generic left-to-right av-zero-column-padding  '     ><style type=\"text\/css\" data-created_by=\"avia_inline_auto\" id=\"style-css-av-jgwcxcei-ea89c605ff7b478002628c7ece381559\">\n#top .av-special-heading.av-jgwcxcei-ea89c605ff7b478002628c7ece381559{\nmargin:0 0 0 0;\npadding-bottom:0;\ncolor:#ffffff;\nfont-size:5vw;\n}\nbody .av-special-heading.av-jgwcxcei-ea89c605ff7b478002628c7ece381559 .av-special-heading-tag .heading-char{\nfont-size:25px;\n}\n#top #wrap_all .av-special-heading.av-jgwcxcei-ea89c605ff7b478002628c7ece381559 .av-special-heading-tag{\nfont-size:5vw;\n}\n.av-special-heading.av-jgwcxcei-ea89c605ff7b478002628c7ece381559 .special-heading-inner-border{\nborder-color:#ffffff;\n}\n.av-special-heading.av-jgwcxcei-ea89c605ff7b478002628c7ece381559 .av-subheading{\nfont-size:25px;\n}\n\n@media only screen and (min-width: 480px) and (max-width: 767px){ \n#top #wrap_all .av-special-heading.av-jgwcxcei-ea89c605ff7b478002628c7ece381559 .av-special-heading-tag{\nfont-size:0.8em;\n}\n}\n\n@media only screen and (max-width: 479px){ \n#top #wrap_all .av-special-heading.av-jgwcxcei-ea89c605ff7b478002628c7ece381559 .av-special-heading-tag{\nfont-size:0.8em;\n}\n}\n<\/style>\n<div  class='av-special-heading av-jgwcxcei-ea89c605ff7b478002628c7ece381559 av-special-heading-h2 custom-color-heading blockquote modern-quote modern-centered  avia-builder-el-2  avia-builder-el-no-sibling  av-inherit-size'><h2 class='av-special-heading-tag '  itemprop=\"headline\"  >FAQ<\/h2><div class=\"special-heading-border\"><div class=\"special-heading-inner-border\"><\/div><\/div><\/div><\/div>\n\n<\/div><\/div><\/main><!-- close content main element --><\/div><\/div><\/div><div id='av_section_2'  class='avia-section av-2eg9ay-566492a2aef3428e44904c46ee45789b main_color avia-section-large avia-no-border-styling  avia-builder-el-3  el_after_av_section  avia-builder-el-last  avia-bg-style-scroll container_wrap fullsize'  ><div class='container av-section-cont-open' ><div class='template-page content  av-content-full alpha units'><div class='post-entry post-entry-type-page post-entry-1706'><div class='entry-content-wrapper clearfix'>\n\n<style type=\"text\/css\" data-created_by=\"avia_inline_auto\" id=\"style-css-av-23mkr6-34036fb4d89af53f17c1d2771e0a5316\">\n.flex_column.av-23mkr6-34036fb4d89af53f17c1d2771e0a5316{\nborder-radius:0px 0px 0px 0px;\npadding:0px 0px 0px 0px;\n}\n<\/style>\n<div  class='flex_column av-23mkr6-34036fb4d89af53f17c1d2771e0a5316 av_one_half  avia-builder-el-4  el_before_av_one_half  avia-builder-el-first  first flex_column_div av-zero-column-padding  '     ><p>\n<style type=\"text\/css\" data-created_by=\"avia_inline_auto\" id=\"style-css-av-jgwczoac-24d31bc8f7f21a0a4e32c79c2642b77f\">\n#top .av-special-heading.av-jgwczoac-24d31bc8f7f21a0a4e32c79c2642b77f{\npadding-bottom:10px;\n}\nbody .av-special-heading.av-jgwczoac-24d31bc8f7f21a0a4e32c79c2642b77f .av-special-heading-tag .heading-char{\nfont-size:25px;\n}\n.av-special-heading.av-jgwczoac-24d31bc8f7f21a0a4e32c79c2642b77f .av-subheading{\nfont-size:15px;\n}\n<\/style>\n<div  class='av-special-heading av-jgwczoac-24d31bc8f7f21a0a4e32c79c2642b77f av-special-heading-h2 blockquote modern-quote  avia-builder-el-5  el_before_av_textblock  avia-builder-el-first '><h2 class='av-special-heading-tag '  itemprop=\"headline\"  >Serveis<\/h2><div class=\"special-heading-border\"><div class=\"special-heading-inner-border\"><\/div><\/div><\/div><br \/>\n<section  class='av_textblock_section av-6dssa-da1711e6f66364878fd4a1a779373fe6 '   itemscope=\"itemscope\" itemtype=\"https:\/\/schema.org\/CreativeWork\" ><div class='avia_textblock'  itemprop=\"text\" ><ul>\n<li><strong>Som fabricants de cortines, stores, matalassos..?<\/strong><br \/>\nFabriquem i dissenyem tota mena de cortines, stores,paquettos, matalassos, enrotllables, frisos, coixins a les nostres instal\u00b7lacions<\/li>\n<li><strong>El producte a quin p\u00fablic va dirigit?<\/strong><br \/>\nEls nostres productes es dirigeixen tant a particulars com a majoristes, botigues, distribu\u00efdors, hotels, resid\u00e8ncies.., tamb\u00e9 col\u00b7laborem amb arquitectes i decoradors.<\/li>\n<li><strong>Fan Pantalles amb teixits?<\/strong><br \/>\nPriort fabrica pantalles i l\u00e0mpades de sobretaula amb tota mena de teixits: screen, llins, transpar\u00e8ncies, p\u00e8l.., coordinades amb la decoraci\u00f3 relitzada a la seva llar.<\/li>\n<li><strong>Venen sof\u00e0s i butaques ?<\/strong><br \/>\nA la nostra botiga trobar\u00e0 tota mena de sof\u00e0s i butaques, en breu disposarem del cat\u00e0leg a la nostra p\u00e0gina web.<\/li>\n<li><strong>Entapissen sof\u00e0s, orellers, cadires, cap\u00e7als?<\/strong><br \/>\nA les nostres instal\u00b7lacions entapissem i retapissem: sof\u00e0s, butaques, cadires, cap\u00e7als, parets&#8230;<\/li>\n<li><strong>Venen Toldos i mosquiteres ?<\/strong><br \/>\nS\u00ed, venem i instal\u00b7lem tendals de tota mena, verticals, amb bra\u00e7os, tipus estiuenca, correders &#8230;<\/li>\n<\/ul>\n<\/div><\/section><\/p><\/div>\n<style type=\"text\/css\" data-created_by=\"avia_inline_auto\" id=\"style-css-av-1lckhe-3751e5158a76b1dca99bd94b1ef56052\">\n.flex_column.av-1lckhe-3751e5158a76b1dca99bd94b1ef56052{\nborder-radius:0px 0px 0px 0px;\npadding:0px 0px 0px 0px;\n}\n<\/style>\n<div  class='flex_column av-1lckhe-3751e5158a76b1dca99bd94b1ef56052 av_one_half  avia-builder-el-7  el_after_av_one_half  el_before_av_hr  flex_column_div av-zero-column-padding  '     ><p>\n<style type=\"text\/css\" data-created_by=\"avia_inline_auto\" id=\"style-css-av-jgwczrj1-710e744161e4f5debe6552bb594dc53d\">\n#top .av-special-heading.av-jgwczrj1-710e744161e4f5debe6552bb594dc53d{\npadding-bottom:10px;\n}\nbody .av-special-heading.av-jgwczrj1-710e744161e4f5debe6552bb594dc53d .av-special-heading-tag .heading-char{\nfont-size:25px;\n}\n.av-special-heading.av-jgwczrj1-710e744161e4f5debe6552bb594dc53d .av-subheading{\nfont-size:15px;\n}\n<\/style>\n<div  class='av-special-heading av-jgwczrj1-710e744161e4f5debe6552bb594dc53d av-special-heading-h2 blockquote modern-quote  avia-builder-el-8  el_before_av_textblock  avia-builder-el-first '><h2 class='av-special-heading-tag '  itemprop=\"headline\"  >Preus<\/h2><div class=\"special-heading-border\"><div class=\"special-heading-inner-border\"><\/div><\/div><\/div><br \/>\n<section  class='av_textblock_section av-4bbgi-c9a82663eda6dec7fcb307e7d57862e7 '   itemscope=\"itemscope\" itemtype=\"https:\/\/schema.org\/CreativeWork\" ><div class='avia_textblock'  itemprop=\"text\" ><ul>\n<li><strong>Realitzem pressupostos on-line?<\/strong><br \/>\nS\u00ed. Pr\u00e8viament a la visita al seu domicili, realitzem pressupost aproximat amb les mesures del client.<\/li>\n<\/ul>\n<\/div><\/section><\/p><\/div>\n<style type=\"text\/css\" data-created_by=\"avia_inline_auto\" id=\"style-css-av-jgf4q5kq-0f424b8341b74b526c72b377799e17b3\">\n#top .hr.av-jgf4q5kq-0f424b8341b74b526c72b377799e17b3{\nmargin-top:50px;\nmargin-bottom:65px;\n}\n.hr.av-jgf4q5kq-0f424b8341b74b526c72b377799e17b3 .hr-inner{\nwidth:50px;\nborder-color:#d3d3d3;\nmax-width:45%;\n}\n.hr.av-jgf4q5kq-0f424b8341b74b526c72b377799e17b3 .av-seperator-icon{\ncolor:#072f4c;\n}\n<\/style>\n<div  class='hr av-jgf4q5kq-0f424b8341b74b526c72b377799e17b3 hr-custom  avia-builder-el-10  el_after_av_one_half  el_before_av_one_half  hr-center hr-icon-yes'><span class='hr-inner inner-border-av-border-thin'><span class=\"hr-inner-style\"><\/span><\/span><span class='av-seperator-icon' aria-hidden='true' data-av_icon='\uf119' data-av_iconfont='justice'><\/span><span class='hr-inner inner-border-av-border-thin'><span class=\"hr-inner-style\"><\/span><\/span><\/div>\n\n<style type=\"text\/css\" data-created_by=\"avia_inline_auto\" id=\"style-css-av-13x1fm-854be2390228911da35934b3232d0d27\">\n.flex_column.av-13x1fm-854be2390228911da35934b3232d0d27{\nborder-radius:0px 0px 0px 0px;\npadding:0px 0px 0px 0px;\n}\n<\/style>\n<div  class='flex_column av-13x1fm-854be2390228911da35934b3232d0d27 av_one_half  avia-builder-el-11  el_after_av_hr  el_before_av_one_half  first flex_column_div av-zero-column-padding  '     ><p>\n<style type=\"text\/css\" data-created_by=\"avia_inline_auto\" id=\"style-css-av-jgwczvak-5a5bc3c966e643f1722c56e5d6e09289\">\n#top .av-special-heading.av-jgwczvak-5a5bc3c966e643f1722c56e5d6e09289{\npadding-bottom:10px;\n}\nbody .av-special-heading.av-jgwczvak-5a5bc3c966e643f1722c56e5d6e09289 .av-special-heading-tag .heading-char{\nfont-size:25px;\n}\n.av-special-heading.av-jgwczvak-5a5bc3c966e643f1722c56e5d6e09289 .av-subheading{\nfont-size:15px;\n}\n<\/style>\n<div  class='av-special-heading av-jgwczvak-5a5bc3c966e643f1722c56e5d6e09289 av-special-heading-h2 blockquote modern-quote  avia-builder-el-12  el_before_av_textblock  avia-builder-el-first '><h2 class='av-special-heading-tag '  itemprop=\"headline\"  >Disseny<\/h2><div class=\"special-heading-border\"><div class=\"special-heading-inner-border\"><\/div><\/div><\/div><br \/>\n<section  class='av_textblock_section av-t5l4q-56b4c73c048cda6bb6266dcb69c15f46 '   itemscope=\"itemscope\" itemtype=\"https:\/\/schema.org\/CreativeWork\" ><div class='avia_textblock'  itemprop=\"text\" ><ul>\n<li><strong>Tenim teixits propis<\/strong><br \/>\nDisposem d&#8217;una gran varietat de teixits propis enfocada a les nostres col\u00b7leccions: Priort Colecci\u00f3n i Priort Baby.<\/li>\n<li><strong>Tenim paper decoratiu i catifes?<\/strong><br \/>\nDisposem a la nostra botiga una \u00e0mplia varietat de papers pintats i catifes, a m\u00e9s de teixits de vinil per a s\u00f2l BOLON.<\/li>\n<\/ul>\n<\/div><\/section><\/p><\/div>\n<style type=\"text\/css\" data-created_by=\"avia_inline_auto\" id=\"style-css-av-k6r7u-ebceb081b3152267e1f68a09f9e7a44f\">\n.flex_column.av-k6r7u-ebceb081b3152267e1f68a09f9e7a44f{\nborder-radius:0px 0px 0px 0px;\npadding:0px 0px 0px 0px;\n}\n<\/style>\n<div  class='flex_column av-k6r7u-ebceb081b3152267e1f68a09f9e7a44f av_one_half  avia-builder-el-14  el_after_av_one_half  el_before_av_hr  flex_column_div av-zero-column-padding  '     ><p>\n<style type=\"text\/css\" data-created_by=\"avia_inline_auto\" id=\"style-css-av-jgwczypp-65b0b58d4d8d6b8217331cfea5b5309c\">\n#top .av-special-heading.av-jgwczypp-65b0b58d4d8d6b8217331cfea5b5309c{\npadding-bottom:10px;\n}\nbody .av-special-heading.av-jgwczypp-65b0b58d4d8d6b8217331cfea5b5309c .av-special-heading-tag .heading-char{\nfont-size:25px;\n}\n.av-special-heading.av-jgwczypp-65b0b58d4d8d6b8217331cfea5b5309c .av-subheading{\nfont-size:15px;\n}\n<\/style>\n<div  class='av-special-heading av-jgwczypp-65b0b58d4d8d6b8217331cfea5b5309c av-special-heading-h2 blockquote modern-quote  avia-builder-el-15  el_before_av_textblock  avia-builder-el-first '><h2 class='av-special-heading-tag '  itemprop=\"headline\"  >Temps de confecci\u00f3<\/h2><div class=\"special-heading-border\"><div class=\"special-heading-inner-border\"><\/div><\/div><\/div><br \/>\n<section  class='av_textblock_section av-bct8a-428c2e9917c35b1277ca722d2d901272 '   itemscope=\"itemscope\" itemtype=\"https:\/\/schema.org\/CreativeWork\" ><div class='avia_textblock'  itemprop=\"text\" ><ul>\n<li>Donec pede justo, fringilla vel, aliquet nec, vulputate eget, arcu.<\/li>\n<li>In enim justo, rhoncus ut, imperdiet a, venenatis vitae, justo.<\/li>\n<li>Nullam dictum felis eu pede mollis pretium. Integer tincidunt.<\/li>\n<\/ul>\n<p>Cras dapibus. <strong>Vivamus elementum<\/strong> semper nisi. Aenean vulputate eleifend tellus. Aenean leo ligula.<\/p>\n<\/div><\/section><\/p><\/div>\n<style type=\"text\/css\" data-created_by=\"avia_inline_auto\" id=\"style-css-av-jgf4q5kq-4-ec042051f64738001480815f4ed3ac68\">\n#top .hr.av-jgf4q5kq-4-ec042051f64738001480815f4ed3ac68{\nmargin-top:50px;\nmargin-bottom:65px;\n}\n.hr.av-jgf4q5kq-4-ec042051f64738001480815f4ed3ac68 .hr-inner{\nwidth:50px;\nborder-color:#d3d3d3;\nmax-width:45%;\n}\n.hr.av-jgf4q5kq-4-ec042051f64738001480815f4ed3ac68 .av-seperator-icon{\ncolor:#072f4c;\n}\n<\/style>\n<div  class='hr av-jgf4q5kq-4-ec042051f64738001480815f4ed3ac68 hr-custom  avia-builder-el-17  el_after_av_one_half  el_before_av_one_half  hr-center hr-icon-yes'><span class='hr-inner inner-border-av-border-thin'><span class=\"hr-inner-style\"><\/span><\/span><span class='av-seperator-icon' aria-hidden='true' data-av_icon='\uf119' data-av_iconfont='justice'><\/span><span class='hr-inner inner-border-av-border-thin'><span class=\"hr-inner-style\"><\/span><\/span><\/div>\n\n<style type=\"text\/css\" data-created_by=\"avia_inline_auto\" id=\"style-css-av-13x1fm-3-30d9bb1ac02897d2c10142415cd46d7a\">\n.flex_column.av-13x1fm-3-30d9bb1ac02897d2c10142415cd46d7a{\nborder-radius:0px 0px 0px 0px;\npadding:0px 0px 0px 0px;\n}\n<\/style>\n<div  class='flex_column av-13x1fm-3-30d9bb1ac02897d2c10142415cd46d7a av_one_half  avia-builder-el-18  el_after_av_hr  el_before_av_one_half  first flex_column_div av-zero-column-padding  '     ><p>\n<style type=\"text\/css\" data-created_by=\"avia_inline_auto\" id=\"style-css-av-jgwczvak-2-c186d2334f047104c8652ea915cbe54b\">\n#top .av-special-heading.av-jgwczvak-2-c186d2334f047104c8652ea915cbe54b{\npadding-bottom:10px;\n}\nbody .av-special-heading.av-jgwczvak-2-c186d2334f047104c8652ea915cbe54b .av-special-heading-tag .heading-char{\nfont-size:25px;\n}\n.av-special-heading.av-jgwczvak-2-c186d2334f047104c8652ea915cbe54b .av-subheading{\nfont-size:15px;\n}\n<\/style>\n<div  class='av-special-heading av-jgwczvak-2-c186d2334f047104c8652ea915cbe54b av-special-heading-h2 blockquote modern-quote  avia-builder-el-19  el_before_av_textblock  avia-builder-el-first '><h2 class='av-special-heading-tag '  itemprop=\"headline\"  >Treballant amb nosaltres<\/h2><div class=\"special-heading-border\"><div class=\"special-heading-inner-border\"><\/div><\/div><\/div><br \/>\n<section  class='av_textblock_section av-t5l4q-1-a0e5edf07ce8a44a310602e3079d7ebe '   itemscope=\"itemscope\" itemtype=\"https:\/\/schema.org\/CreativeWork\" ><div class='avia_textblock'  itemprop=\"text\" ><ul>\n<li><strong>Tenim Botiga f\u00edsica?<\/strong><br \/>\nSi, Ubicada a Cabrera de Mar (Pol. Ind Les Corts) C\/ Les Corts, 8 &#8211; 08349 &#8211; Cabrera de Mar, Barcelona Disposem d&#8217;una \u00e0mplia gamma de teixits de totes les marques i qualitats: ign\u00edfugs, pells, transpar\u00e8ncies, sedes, llins, tapisseries&#8230;<\/li>\n<li><strong>Tenim botiga, podem vendre els seus productes?<\/strong><br \/>\nTant Priort Colecci\u00f3n com Priort Baby ja tenen punts de venda arreu d&#8217;Espanya.<br \/>\nSi est\u00e0 interessat en els nostres productes contacteu amb nosaltres a trav\u00e9s de la secci\u00f3 Contactar de la nostra p\u00e0gina web.<\/li>\n<\/ul>\n<\/div><\/section><\/p><\/div>\n<style type=\"text\/css\" data-created_by=\"avia_inline_auto\" id=\"style-css-av-1lckhe-7-0ef28fb10510168a3eb4c2e76ec1c83b\">\n.flex_column.av-1lckhe-7-0ef28fb10510168a3eb4c2e76ec1c83b{\nborder-radius:0px 0px 0px 0px;\npadding:0px 0px 0px 0px;\n}\n<\/style>\n<div  class='flex_column av-1lckhe-7-0ef28fb10510168a3eb4c2e76ec1c83b av_one_half  avia-builder-el-21  el_after_av_one_half  avia-builder-el-last  flex_column_div av-zero-column-padding  '     ><p>\n<style type=\"text\/css\" data-created_by=\"avia_inline_auto\" id=\"style-css-av-jgwczrj1-6-50e582253ebfa0f8109b2a18e34edffa\">\n#top .av-special-heading.av-jgwczrj1-6-50e582253ebfa0f8109b2a18e34edffa{\npadding-bottom:10px;\n}\nbody .av-special-heading.av-jgwczrj1-6-50e582253ebfa0f8109b2a18e34edffa .av-special-heading-tag .heading-char{\nfont-size:25px;\n}\n.av-special-heading.av-jgwczrj1-6-50e582253ebfa0f8109b2a18e34edffa .av-subheading{\nfont-size:15px;\n}\n<\/style>\n<div  class='av-special-heading av-jgwczrj1-6-50e582253ebfa0f8109b2a18e34edffa av-special-heading-h2 blockquote modern-quote  avia-builder-el-22  el_before_av_textblock  avia-builder-el-first '><h2 class='av-special-heading-tag '  itemprop=\"headline\"  >Altres serveis<\/h2><div class=\"special-heading-border\"><div class=\"special-heading-inner-border\"><\/div><\/div><\/div><br \/>\n<section  class='av_textblock_section av-4bbgi-5-62ec85f273e1cae3620ae7b5c5926c23 '   itemscope=\"itemscope\" itemtype=\"https:\/\/schema.org\/CreativeWork\" ><div class='avia_textblock'  itemprop=\"text\" ><p>Donec quam felis, ultricies nec, pellentesque eu, pretium quis, sem. Nulla consequat massa quis enim.<\/p>\n<ul>\n<li>Lorem ipsum dolor sit amet, consectetuer adipiscing elit.<\/li>\n<li>Aenean commodo ligula eget dolor. Aenean massa.<\/li>\n<li>Cum agnis dis <a href=\"#\">parturient montes<\/a>, nascetur ridiculus mus.<\/li>\n<\/ul>\n<\/div><\/section><\/p><\/div>\n\n","protected":false},"excerpt":{"rendered":"","protected":false},"author":1,"featured_media":0,"parent":0,"menu_order":0,"comment_status":"closed","ping_status":"closed","template":"","meta":{"footnotes":""},"class_list":["post-1706","page","type-page","status-publish","hentry"],"yoast_head":"<!-- This site is optimized with the Yoast SEO plugin v27.6 - https:\/\/yoast.com\/product\/yoast-seo-wordpress\/ -->\n<title>FAQ - Priort Decoraci\u00f3n<\/title>\n<meta name=\"description\" content=\"Troba la resposta dels dubtes que tinguis a la nostra secci\u00f3 de preguntes freq\u00fcents. Tamb\u00e9 pots contactar amb nosaltres.\" \/>\n<meta name=\"robots\" content=\"index, follow, max-snippet:-1, max-image-preview:large, max-video-preview:-1\" \/>\n<link rel=\"canonical\" href=\"https:\/\/priort.com\/ca\/faq\/\" \/>\n<meta property=\"og:locale\" content=\"ca_ES\" \/>\n<meta property=\"og:type\" content=\"article\" \/>\n<meta property=\"og:title\" content=\"FAQ - Priort Decoraci\u00f3n\" \/>\n<meta property=\"og:description\" content=\"Troba la resposta dels dubtes que tinguis a la nostra secci\u00f3 de preguntes freq\u00fcents. Tamb\u00e9 pots contactar amb nosaltres.\" \/>\n<meta property=\"og:url\" content=\"https:\/\/priort.com\/ca\/faq\/\" \/>\n<meta property=\"og:site_name\" content=\"Priort Decoraci\u00f3n\" \/>\n<meta property=\"article:modified_time\" content=\"2023-03-07T10:58:13+00:00\" \/>\n<meta name=\"twitter:card\" content=\"summary_large_image\" \/>\n<meta name=\"twitter:label1\" content=\"Temps estimat de lectura\" \/>\n\t<meta name=\"twitter:data1\" content=\"13 minuts\" \/>\n<script type=\"application\/ld+json\" class=\"yoast-schema-graph\">{\"@context\":\"https:\\\/\\\/schema.org\",\"@graph\":[{\"@type\":\"WebPage\",\"@id\":\"https:\\\/\\\/priort.com\\\/ca\\\/faq\\\/\",\"url\":\"https:\\\/\\\/priort.com\\\/ca\\\/faq\\\/\",\"name\":\"FAQ - Priort Decoraci\u00f3n\",\"isPartOf\":{\"@id\":\"https:\\\/\\\/priort.com\\\/ca\\\/#website\"},\"datePublished\":\"2018-05-03T15:19:25+00:00\",\"dateModified\":\"2023-03-07T10:58:13+00:00\",\"description\":\"Troba la resposta dels dubtes que tinguis a la nostra secci\u00f3 de preguntes freq\u00fcents. Tamb\u00e9 pots contactar amb nosaltres.\",\"breadcrumb\":{\"@id\":\"https:\\\/\\\/priort.com\\\/ca\\\/faq\\\/#breadcrumb\"},\"inLanguage\":\"ca\",\"potentialAction\":[{\"@type\":\"ReadAction\",\"target\":[\"https:\\\/\\\/priort.com\\\/ca\\\/faq\\\/\"]}]},{\"@type\":\"BreadcrumbList\",\"@id\":\"https:\\\/\\\/priort.com\\\/ca\\\/faq\\\/#breadcrumb\",\"itemListElement\":[{\"@type\":\"ListItem\",\"position\":1,\"name\":\"Portada\",\"item\":\"https:\\\/\\\/priort.com\\\/ca\\\/home\\\/\"},{\"@type\":\"ListItem\",\"position\":2,\"name\":\"FAQ\"}]},{\"@type\":\"WebSite\",\"@id\":\"https:\\\/\\\/priort.com\\\/ca\\\/#website\",\"url\":\"https:\\\/\\\/priort.com\\\/ca\\\/\",\"name\":\"Priort Decoraci\u00f3n\",\"description\":\"Just another WordPress site\",\"publisher\":{\"@id\":\"https:\\\/\\\/priort.com\\\/ca\\\/#organization\"},\"potentialAction\":[{\"@type\":\"SearchAction\",\"target\":{\"@type\":\"EntryPoint\",\"urlTemplate\":\"https:\\\/\\\/priort.com\\\/ca\\\/?s={search_term_string}\"},\"query-input\":{\"@type\":\"PropertyValueSpecification\",\"valueRequired\":true,\"valueName\":\"search_term_string\"}}],\"inLanguage\":\"ca\"},{\"@type\":\"Organization\",\"@id\":\"https:\\\/\\\/priort.com\\\/ca\\\/#organization\",\"name\":\"Priort Decoraci\u00f3n\",\"url\":\"https:\\\/\\\/priort.com\\\/ca\\\/\",\"logo\":{\"@type\":\"ImageObject\",\"inLanguage\":\"ca\",\"@id\":\"https:\\\/\\\/priort.com\\\/ca\\\/#\\\/schema\\\/logo\\\/image\\\/\",\"url\":\"https:\\\/\\\/priort.com\\\/wp-content\\\/uploads\\\/2022\\\/09\\\/priort_logo.jpg\",\"contentUrl\":\"https:\\\/\\\/priort.com\\\/wp-content\\\/uploads\\\/2022\\\/09\\\/priort_logo.jpg\",\"width\":802,\"height\":779,\"caption\":\"Priort Decoraci\u00f3n\"},\"image\":{\"@id\":\"https:\\\/\\\/priort.com\\\/ca\\\/#\\\/schema\\\/logo\\\/image\\\/\"}}]}<\/script>\n<!-- \/ Yoast SEO plugin. -->","yoast_head_json":{"title":"FAQ - Priort Decoraci\u00f3n","description":"Troba la resposta dels dubtes que tinguis a la nostra secci\u00f3 de preguntes freq\u00fcents. Tamb\u00e9 pots contactar amb nosaltres.","robots":{"index":"index","follow":"follow","max-snippet":"max-snippet:-1","max-image-preview":"max-image-preview:large","max-video-preview":"max-video-preview:-1"},"canonical":"https:\/\/priort.com\/ca\/faq\/","og_locale":"ca_ES","og_type":"article","og_title":"FAQ - Priort Decoraci\u00f3n","og_description":"Troba la resposta dels dubtes que tinguis a la nostra secci\u00f3 de preguntes freq\u00fcents. Tamb\u00e9 pots contactar amb nosaltres.","og_url":"https:\/\/priort.com\/ca\/faq\/","og_site_name":"Priort Decoraci\u00f3n","article_modified_time":"2023-03-07T10:58:13+00:00","twitter_card":"summary_large_image","twitter_misc":{"Temps estimat de lectura":"13 minuts"},"schema":{"@context":"https:\/\/schema.org","@graph":[{"@type":"WebPage","@id":"https:\/\/priort.com\/ca\/faq\/","url":"https:\/\/priort.com\/ca\/faq\/","name":"FAQ - Priort Decoraci\u00f3n","isPartOf":{"@id":"https:\/\/priort.com\/ca\/#website"},"datePublished":"2018-05-03T15:19:25+00:00","dateModified":"2023-03-07T10:58:13+00:00","description":"Troba la resposta dels dubtes que tinguis a la nostra secci\u00f3 de preguntes freq\u00fcents. Tamb\u00e9 pots contactar amb nosaltres.","breadcrumb":{"@id":"https:\/\/priort.com\/ca\/faq\/#breadcrumb"},"inLanguage":"ca","potentialAction":[{"@type":"ReadAction","target":["https:\/\/priort.com\/ca\/faq\/"]}]},{"@type":"BreadcrumbList","@id":"https:\/\/priort.com\/ca\/faq\/#breadcrumb","itemListElement":[{"@type":"ListItem","position":1,"name":"Portada","item":"https:\/\/priort.com\/ca\/home\/"},{"@type":"ListItem","position":2,"name":"FAQ"}]},{"@type":"WebSite","@id":"https:\/\/priort.com\/ca\/#website","url":"https:\/\/priort.com\/ca\/","name":"Priort Decoraci\u00f3n","description":"Just another WordPress site","publisher":{"@id":"https:\/\/priort.com\/ca\/#organization"},"potentialAction":[{"@type":"SearchAction","target":{"@type":"EntryPoint","urlTemplate":"https:\/\/priort.com\/ca\/?s={search_term_string}"},"query-input":{"@type":"PropertyValueSpecification","valueRequired":true,"valueName":"search_term_string"}}],"inLanguage":"ca"},{"@type":"Organization","@id":"https:\/\/priort.com\/ca\/#organization","name":"Priort Decoraci\u00f3n","url":"https:\/\/priort.com\/ca\/","logo":{"@type":"ImageObject","inLanguage":"ca","@id":"https:\/\/priort.com\/ca\/#\/schema\/logo\/image\/","url":"https:\/\/priort.com\/wp-content\/uploads\/2022\/09\/priort_logo.jpg","contentUrl":"https:\/\/priort.com\/wp-content\/uploads\/2022\/09\/priort_logo.jpg","width":802,"height":779,"caption":"Priort Decoraci\u00f3n"},"image":{"@id":"https:\/\/priort.com\/ca\/#\/schema\/logo\/image\/"}}]}},"_links":{"self":[{"href":"https:\/\/priort.com\/ca\/wp-json\/wp\/v2\/pages\/1706","targetHints":{"allow":["GET"]}}],"collection":[{"href":"https:\/\/priort.com\/ca\/wp-json\/wp\/v2\/pages"}],"about":[{"href":"https:\/\/priort.com\/ca\/wp-json\/wp\/v2\/types\/page"}],"author":[{"embeddable":true,"href":"https:\/\/priort.com\/ca\/wp-json\/wp\/v2\/users\/1"}],"replies":[{"embeddable":true,"href":"https:\/\/priort.com\/ca\/wp-json\/wp\/v2\/comments?post=1706"}],"version-history":[{"count":0,"href":"https:\/\/priort.com\/ca\/wp-json\/wp\/v2\/pages\/1706\/revisions"}],"wp:attachment":[{"href":"https:\/\/priort.com\/ca\/wp-json\/wp\/v2\/media?parent=1706"}],"curies":[{"name":"wp","href":"https:\/\/api.w.org\/{rel}","templated":true}]}}