{"id":1661,"date":"2022-08-25T17:40:43","date_gmt":"2022-08-25T17:40:43","guid":{"rendered":"https:\/\/new.priort.com\/la-teva-llar\/"},"modified":"2023-03-08T10:23:02","modified_gmt":"2023-03-08T10:23:02","slug":"la-teva-llar","status":"publish","type":"page","link":"https:\/\/priort.com\/ca\/la-teva-llar\/","title":{"rendered":"La teva llar"},"content":{"rendered":"\n<style type=\"text\/css\" data-created_by=\"avia_inline_auto\" id=\"style-css-av-1a7nxd-97c5135bc1b09c44fa43783714455c21\">\n.avia-section.av-1a7nxd-97c5135bc1b09c44fa43783714455c21{\nbackground-repeat:no-repeat;\nbackground-image:url(https:\/\/priort.com\/wp-content\/uploads\/2022\/07\/pexels-keegan-checks-12715452-1500x630.jpg);\nbackground-position:50% 50%;\nbackground-attachment:scroll;\n}\n.avia-section.av-1a7nxd-97c5135bc1b09c44fa43783714455c21 .av-section-color-overlay{\nopacity:0.4;\nbackground-color:#000000;\n}\n<\/style>\n<div id='av_section_1'  class='avia-section av-1a7nxd-97c5135bc1b09c44fa43783714455c21 main_color avia-section-default avia-no-border-styling  avia-builder-el-0  el_before_av_one_half  avia-builder-el-first  avia-full-stretch avia-bg-style-scroll av-section-color-overlay-active av-minimum-height av-minimum-height-custom av-height-custom  container_wrap fullsize'  data-section-bg-repeat='stretch' data-av_minimum_height_px='230'><div class=\"av-section-color-overlay-wrap\"><div class=\"av-section-color-overlay\"><\/div><div class='container av-section-cont-open' style='height:230px'><main  role=\"main\" itemprop=\"mainContentOfPage\"  class='template-page content  av-content-full alpha units'><div class='post-entry post-entry-type-page post-entry-1661'><div class='entry-content-wrapper clearfix'>\n\n<style type=\"text\/css\" data-created_by=\"avia_inline_auto\" id=\"style-css-av-14vk15-362817e6c8702fed9699339d472c1b8c\">\n#top .flex_column.av-14vk15-362817e6c8702fed9699339d472c1b8c{\nmargin-top:0px;\nmargin-bottom:0px;\n}\n.flex_column.av-14vk15-362817e6c8702fed9699339d472c1b8c{\nborder-radius:0px 0px 0px 0px;\npadding:0px 0px 0px 0px;\n}\n.responsive #top #wrap_all .flex_column.av-14vk15-362817e6c8702fed9699339d472c1b8c{\nmargin-top:0px;\nmargin-bottom:0px;\n}\n<\/style>\n<div  class='flex_column av-14vk15-362817e6c8702fed9699339d472c1b8c av_one_full  avia-builder-el-1  avia-builder-el-no-sibling  first flex_column_div av-animated-generic left-to-right av-zero-column-padding  '     ><style type=\"text\/css\" data-created_by=\"avia_inline_auto\" id=\"style-css-av-l79bylpw-5b6e61fcdc62456f999eca3a0d215db0\">\n#top .av-special-heading.av-l79bylpw-5b6e61fcdc62456f999eca3a0d215db0{\nmargin:0 0 0 0;\npadding-bottom:0;\ncolor:#ffffff;\nfont-size:4vw;\n}\nbody .av-special-heading.av-l79bylpw-5b6e61fcdc62456f999eca3a0d215db0 .av-special-heading-tag .heading-char{\nfont-size:25px;\n}\n#top #wrap_all .av-special-heading.av-l79bylpw-5b6e61fcdc62456f999eca3a0d215db0 .av-special-heading-tag{\nfont-size:4vw;\n}\n.av-special-heading.av-l79bylpw-5b6e61fcdc62456f999eca3a0d215db0 .special-heading-inner-border{\nborder-color:#ffffff;\n}\n.av-special-heading.av-l79bylpw-5b6e61fcdc62456f999eca3a0d215db0 .av-subheading{\nfont-size:25px;\n}\n\n@media only screen and (min-width: 480px) and (max-width: 767px){ \n#top #wrap_all .av-special-heading.av-l79bylpw-5b6e61fcdc62456f999eca3a0d215db0 .av-special-heading-tag{\nfont-size:0.8em;\n}\n}\n\n@media only screen and (max-width: 479px){ \n#top #wrap_all .av-special-heading.av-l79bylpw-5b6e61fcdc62456f999eca3a0d215db0 .av-special-heading-tag{\nfont-size:0.8em;\n}\n}\n<\/style>\n<div  class='av-special-heading av-l79bylpw-5b6e61fcdc62456f999eca3a0d215db0 av-special-heading-h2 custom-color-heading blockquote modern-quote modern-centered  avia-builder-el-2  avia-builder-el-no-sibling  av-inherit-size'><h2 class='av-special-heading-tag '  itemprop=\"headline\"  >La teva llar<\/h2><div class=\"special-heading-border\"><div class=\"special-heading-inner-border\"><\/div><\/div><\/div><\/div>\n<\/div><\/div><\/main><!-- close content main element --><\/div><\/div><\/div><div id='after_section_1'  class='main_color av_default_container_wrap container_wrap fullsize'  ><div class='container av-section-cont-open' ><div class='template-page content  av-content-full alpha units'><div class='post-entry post-entry-type-page post-entry-1661'><div class='entry-content-wrapper clearfix'>\n\n<style type=\"text\/css\" data-created_by=\"avia_inline_auto\" id=\"style-css-av-raalt-bcec48a41e01ed734138d8cf72424416\">\n#top .flex_column.av-raalt-bcec48a41e01ed734138d8cf72424416{\nmargin-top:0px;\nmargin-bottom:0px;\n}\n.flex_column.av-raalt-bcec48a41e01ed734138d8cf72424416{\nborder-radius:3px 3px 3px 3px;\npadding:0px 0px 0px 0px;\n}\n.responsive #top #wrap_all .flex_column.av-raalt-bcec48a41e01ed734138d8cf72424416{\nmargin-top:0px;\nmargin-bottom:0px;\n}\n<\/style>\n<div  class='flex_column av-raalt-bcec48a41e01ed734138d8cf72424416 av_one_half  avia-builder-el-3  el_after_av_section  el_before_av_one_half  avia-builder-el-first  first flex_column_div av-animated-generic left-to-right av-zero-column-padding  '     ><section  class='av_textblock_section av-l79byu08-095a62747e700ad34b61cb7444f38e6f '   itemscope=\"itemscope\" itemtype=\"https:\/\/schema.org\/CreativeWork\" ><div class='avia_textblock'  itemprop=\"text\" ><p>Priort ofereix assessorament per vestir la teva llar, fabriquem tots els nostres productes i els instal\u00b7lem, confeccionem a mida cortines, estores, matalassos, coixins, enrotllables screen.<\/p>\n<p>Entapissem sof\u00e0s cadires i cap\u00e7als, fabriquem matalassos amb farcit d&#8217;escuma i instal\u00b7lem tendals i mosquiteres.<\/p>\n<\/div><\/section><\/div>\n\n<style type=\"text\/css\" data-created_by=\"avia_inline_auto\" id=\"style-css-av-n1dz5-3de3e03ccf98ef8865918d89b4c165a2\">\n#top .flex_column.av-n1dz5-3de3e03ccf98ef8865918d89b4c165a2{\nmargin-top:0px;\nmargin-bottom:0px;\n}\n.flex_column.av-n1dz5-3de3e03ccf98ef8865918d89b4c165a2{\nborder-radius:3px 3px 3px 3px;\npadding:0px 0px 0px 0px;\n}\n.responsive #top #wrap_all .flex_column.av-n1dz5-3de3e03ccf98ef8865918d89b4c165a2{\nmargin-top:0px;\nmargin-bottom:0px;\n}\n<\/style>\n<div  class='flex_column av-n1dz5-3de3e03ccf98ef8865918d89b4c165a2 av_one_half  avia-builder-el-5  el_after_av_one_half  el_before_av_one_full  flex_column_div av-animated-generic left-to-right av-zero-column-padding  '     ><section  class='av_textblock_section av-l79bz4j4-6d609cbc8140d294bc088de19731d6e1 '   itemscope=\"itemscope\" itemtype=\"https:\/\/schema.org\/CreativeWork\" ><div class='avia_textblock'  itemprop=\"text\" ><p>Disposem de tota mena de teixits, barres i rialles, a m\u00e9s de motors per a tota mena d&#8217;instal\u00b7laci\u00f3.<\/p>\n<p>A la nostra f\u00e0brica de cabrera de mar, Barcelona, a m\u00e9s de ser el nostre punt de venda directe, veureu molts productes acabats per facilitar l&#8217;elecci\u00f3 del teixit, rial i confecci\u00f3 ideal per a cada espai.<\/p>\n<\/div><\/section><\/div><div  class='flex_column av-8p18p-fa66fde46265154611634f6f5c29f3f6 av_one_full  avia-builder-el-7  el_after_av_one_half  avia-builder-el-last  first flex_column_div  column-top-margin'     ><div  id=\"av-sc-portfolio-1\"  class=\"av-portfolio-grid-sorting-container\"><div class='sort_width_container  av-sort-yes' data-portfolio-id='1' ><div id='js_sort_items' ><div class='sort_by_cat hidden'><a href=\"#\" data-filter=\"all_sort\" class=\"all_sort_button active_sort\"><span class=\"inner_sort_button\"><span>All<\/span><small class=\"av-cat-count\"> 9 <\/small><\/span><\/a><span class=\"text-sep la-teva-llar_sort_sep\">\/<\/span><a href=\"#\" data-filter=\"la-teva-llar_sort\" class=\"la-teva-llar_sort_button\" ><span class=\"inner_sort_button\"><span>La teva llar<\/span><small class=\"av-cat-count\"> 9 <\/small><\/span><\/a><\/div><\/div><\/div><div  class=' grid-sort-container isotope   no_margin-container with-title-container grid-total-odd grid-col-4 grid-links-' data-portfolio-id='1'><div data-ajax-id='1719' class=' grid-entry flex_column isotope-item all_sort no_margin post-entry post-entry-1719 grid-entry-overview grid-loop-1 grid-parity-odd  la-teva-llar_sort  av_one_fourth first default_av_fullwidth '><article class='main_color inner-entry'  itemscope=\"itemscope\" itemtype=\"https:\/\/schema.org\/CreativeWork\" ><a href=\"https:\/\/priort.com\/ca\/portfolio-item\/estores-enrotllables-exteriors-a-llavaneres\/\" title='Estores enrotllables exteriors a Llavaneres'  data-rel='grid-1' class='grid-image avia-hover-fx'> <img decoding=\"async\" fetchpriority=\"high\" width=\"260\" height=\"185\" src=\"https:\/\/priort.com\/wp-content\/uploads\/2022\/10\/IMG_2634-260x185.jpg\" class=\"wp-image-1564 avia-img-lazy-loading-not-1564 attachment-portfolio_small size-portfolio_small wp-post-image\" alt=\"\" \/><\/a><div class='grid-content'><div class='avia-arrow'><\/div><header class=\"entry-content-header\"><h3 class='grid-entry-title entry-title '  itemprop=\"headline\" ><a href='https:\/\/priort.com\/ca\/portfolio-item\/estores-enrotllables-exteriors-a-llavaneres\/' title='Estores enrotllables exteriors a Llavaneres'>Estores enrotllables exteriors a Llavaneres<\/a><\/h3><\/header><\/div><footer class=\"entry-footer\"><\/footer><\/article><\/div><div data-ajax-id='1731' class=' grid-entry flex_column isotope-item all_sort no_margin post-entry post-entry-1731 grid-entry-overview grid-loop-2 grid-parity-even  la-teva-llar_sort  av_one_fourth  default_av_fullwidth '><article class='main_color inner-entry'  itemscope=\"itemscope\" itemtype=\"https:\/\/schema.org\/CreativeWork\" ><a href=\"https:\/\/priort.com\/ca\/portfolio-item\/projecte-habitatge-granollers\/\" title='Projecte habitatge Granollers'  data-rel='grid-1' class='grid-image avia-hover-fx'> <img decoding=\"async\" fetchpriority=\"high\" width=\"260\" height=\"185\" src=\"https:\/\/priort.com\/wp-content\/uploads\/2022\/09\/3-2-260x185.jpg\" class=\"wp-image-1542 avia-img-lazy-loading-not-1542 attachment-portfolio_small size-portfolio_small wp-post-image\" alt=\"\" \/><\/a><div class='grid-content'><div class='avia-arrow'><\/div><header class=\"entry-content-header\"><h3 class='grid-entry-title entry-title '  itemprop=\"headline\" ><a href='https:\/\/priort.com\/ca\/portfolio-item\/projecte-habitatge-granollers\/' title='Projecte habitatge Granollers'>Projecte habitatge Granollers<\/a><\/h3><\/header><\/div><footer class=\"entry-footer\"><\/footer><\/article><\/div><div data-ajax-id='1734' class=' grid-entry flex_column isotope-item all_sort no_margin post-entry post-entry-1734 grid-entry-overview grid-loop-3 grid-parity-odd  la-teva-llar_sort  av_one_fourth  default_av_fullwidth '><article class='main_color inner-entry'  itemscope=\"itemscope\" itemtype=\"https:\/\/schema.org\/CreativeWork\" ><a href=\"https:\/\/priort.com\/ca\/portfolio-item\/casa-la-garriga\/\" title='Casa La Garriga'  data-rel='grid-1' class='grid-image avia-hover-fx'> <img decoding=\"async\" fetchpriority=\"high\" width=\"260\" height=\"185\" src=\"https:\/\/priort.com\/wp-content\/uploads\/2022\/09\/1-260x185.jpg\" class=\"wp-image-1537 avia-img-lazy-loading-not-1537 attachment-portfolio_small size-portfolio_small wp-post-image\" alt=\"\" \/><\/a><div class='grid-content'><div class='avia-arrow'><\/div><header class=\"entry-content-header\"><h3 class='grid-entry-title entry-title '  itemprop=\"headline\" ><a href='https:\/\/priort.com\/ca\/portfolio-item\/casa-la-garriga\/' title='Casa La Garriga'>Casa La Garriga<\/a><\/h3><\/header><\/div><footer class=\"entry-footer\"><\/footer><\/article><\/div><div data-ajax-id='1737' class=' grid-entry flex_column isotope-item all_sort no_margin post-entry post-entry-1737 grid-entry-overview grid-loop-4 grid-parity-even  la-teva-llar_sort  av_one_fourth  default_av_fullwidth '><article class='main_color inner-entry'  itemscope=\"itemscope\" itemtype=\"https:\/\/schema.org\/CreativeWork\" ><a href=\"https:\/\/priort.com\/ca\/portfolio-item\/tapisseria-exterior-a-premia-de-dalt\/\" title='Tapisseria exterior a Premi\u00e0 de Dalt'  data-rel='grid-1' class='grid-image avia-hover-fx'> <img decoding=\"async\" fetchpriority=\"high\" width=\"260\" height=\"185\" src=\"https:\/\/priort.com\/wp-content\/uploads\/2022\/09\/20210204_131522-260x185.jpg\" class=\"wp-image-1519 avia-img-lazy-loading-not-1519 attachment-portfolio_small size-portfolio_small wp-post-image\" alt=\"\" \/><\/a><div class='grid-content'><div class='avia-arrow'><\/div><header class=\"entry-content-header\"><h3 class='grid-entry-title entry-title '  itemprop=\"headline\" ><a href='https:\/\/priort.com\/ca\/portfolio-item\/tapisseria-exterior-a-premia-de-dalt\/' title='Tapisseria exterior a Premi\u00e0 de Dalt'>Tapisseria exterior a Premi\u00e0 de Dalt<\/a><\/h3><\/header><\/div><footer class=\"entry-footer\"><\/footer><\/article><\/div><div data-ajax-id='1767' class=' grid-entry flex_column isotope-item all_sort no_margin post-entry post-entry-1767 grid-entry-overview grid-loop-5 grid-parity-odd  la-teva-llar_sort  av_one_fourth first default_av_fullwidth '><article class='main_color inner-entry'  itemscope=\"itemscope\" itemtype=\"https:\/\/schema.org\/CreativeWork\" ><a href=\"https:\/\/priort.com\/ca\/portfolio-item\/estores-enrotllables-motoritzats-exterior-cabrils\/\" title='Estores enrotllables motoritzats exterior Cabrils'  data-rel='grid-1' class='grid-image avia-hover-fx'> <img decoding=\"async\" fetchpriority=\"high\" width=\"260\" height=\"185\" src=\"https:\/\/priort.com\/wp-content\/uploads\/2022\/09\/IMG_0398-260x185.jpg\" class=\"wp-image-1479 avia-img-lazy-loading-not-1479 attachment-portfolio_small size-portfolio_small wp-post-image\" alt=\"\" \/><\/a><div class='grid-content'><div class='avia-arrow'><\/div><header class=\"entry-content-header\"><h3 class='grid-entry-title entry-title '  itemprop=\"headline\" ><a href='https:\/\/priort.com\/ca\/portfolio-item\/estores-enrotllables-motoritzats-exterior-cabrils\/' title='Estores enrotllables motoritzats exterior Cabrils'>Estores enrotllables motoritzats exterior Cabrils<\/a><\/h3><\/header><\/div><footer class=\"entry-footer\"><\/footer><\/article><\/div><div data-ajax-id='1770' class=' grid-entry flex_column isotope-item all_sort no_margin post-entry post-entry-1770 grid-entry-overview grid-loop-6 grid-parity-even  la-teva-llar_sort  av_one_fourth  default_av_fullwidth '><article class='main_color inner-entry'  itemscope=\"itemscope\" itemtype=\"https:\/\/schema.org\/CreativeWork\" ><a href=\"https:\/\/priort.com\/ca\/portfolio-item\/cortines-de-gran-alcada-a-barcelona\/\" title='Cortines de gran al\u00e7ada a Barcelona'  data-rel='grid-1' class='grid-image avia-hover-fx'> <img decoding=\"async\" fetchpriority=\"high\" width=\"260\" height=\"185\" src=\"https:\/\/priort.com\/wp-content\/uploads\/2022\/09\/IMG_4771-260x185.jpg\" class=\"wp-image-1478 avia-img-lazy-loading-not-1478 attachment-portfolio_small size-portfolio_small wp-post-image\" alt=\"\" \/><\/a><div class='grid-content'><div class='avia-arrow'><\/div><header class=\"entry-content-header\"><h3 class='grid-entry-title entry-title '  itemprop=\"headline\" ><a href='https:\/\/priort.com\/ca\/portfolio-item\/cortines-de-gran-alcada-a-barcelona\/' title='Cortines de gran al\u00e7ada a Barcelona'>Cortines de gran al\u00e7ada a Barcelona<\/a><\/h3><\/header><\/div><footer class=\"entry-footer\"><\/footer><\/article><\/div><div data-ajax-id='1773' class=' grid-entry flex_column isotope-item all_sort no_margin post-entry post-entry-1773 grid-entry-overview grid-loop-7 grid-parity-odd  la-teva-llar_sort  av_one_fourth  default_av_fullwidth '><article class='main_color inner-entry'  itemscope=\"itemscope\" itemtype=\"https:\/\/schema.org\/CreativeWork\" ><a href=\"https:\/\/priort.com\/ca\/portfolio-item\/confeccio-artesanal-a-platja-d-aro\/\" title='Confecci\u00f3 artesanal a Platja d&#8217; Aro'  data-rel='grid-1' class='grid-image avia-hover-fx'> <img decoding=\"async\" fetchpriority=\"high\" width=\"260\" height=\"185\" src=\"https:\/\/priort.com\/wp-content\/uploads\/2022\/09\/Platja-Daro-Hab-Convidats-260x185.jpg\" class=\"wp-image-1476 avia-img-lazy-loading-not-1476 attachment-portfolio_small size-portfolio_small wp-post-image\" alt=\"\" \/><\/a><div class='grid-content'><div class='avia-arrow'><\/div><header class=\"entry-content-header\"><h3 class='grid-entry-title entry-title '  itemprop=\"headline\" ><a href='https:\/\/priort.com\/ca\/portfolio-item\/confeccio-artesanal-a-platja-d-aro\/' title='Confecci\u00f3 artesanal a Platja d&#8217; Aro'>Confecci\u00f3 artesanal a Platja d&#8217; Aro<\/a><\/h3><\/header><\/div><footer class=\"entry-footer\"><\/footer><\/article><\/div><div data-ajax-id='1776' class=' grid-entry flex_column isotope-item all_sort no_margin post-entry post-entry-1776 grid-entry-overview grid-loop-8 grid-parity-even  la-teva-llar_sort  av_one_fourth  default_av_fullwidth '><article class='main_color inner-entry'  itemscope=\"itemscope\" itemtype=\"https:\/\/schema.org\/CreativeWork\" ><a href=\"https:\/\/priort.com\/ca\/portfolio-item\/confeccio-textil-per-a-banc-a-la-cerdanya\/\" title='Confecci\u00f3 t\u00e8xtil per a banc a la Cerdanya'  data-rel='grid-1' class='grid-image avia-hover-fx'> <img decoding=\"async\" fetchpriority=\"high\" width=\"260\" height=\"185\" src=\"https:\/\/priort.com\/wp-content\/uploads\/2022\/09\/IMG_9945-260x185.jpg\" class=\"wp-image-1473 avia-img-lazy-loading-not-1473 attachment-portfolio_small size-portfolio_small wp-post-image\" alt=\"\" \/><\/a><div class='grid-content'><div class='avia-arrow'><\/div><header class=\"entry-content-header\"><h3 class='grid-entry-title entry-title '  itemprop=\"headline\" ><a href='https:\/\/priort.com\/ca\/portfolio-item\/confeccio-textil-per-a-banc-a-la-cerdanya\/' title='Confecci\u00f3 t\u00e8xtil per a banc a la Cerdanya'>Confecci\u00f3 t\u00e8xtil per a banc a la Cerdanya<\/a><\/h3><\/header><\/div><footer class=\"entry-footer\"><\/footer><\/article><\/div><div data-ajax-id='1779' class=' grid-entry flex_column isotope-item all_sort no_margin post-entry post-entry-1779 grid-entry-overview grid-loop-9 grid-parity-odd  post-entry-last  la-teva-llar_sort  av_one_fourth first default_av_fullwidth '><article class='main_color inner-entry'  itemscope=\"itemscope\" itemtype=\"https:\/\/schema.org\/CreativeWork\" ><a href=\"https:\/\/priort.com\/ca\/portfolio-item\/decoracio-textil-llavaneres\/\" title='Decoraci\u00f3 t\u00e8xtil Llavaneres'  data-rel='grid-1' class='grid-image avia-hover-fx'> <img decoding=\"async\" fetchpriority=\"high\" width=\"260\" height=\"185\" src=\"https:\/\/priort.com\/wp-content\/uploads\/2022\/09\/IMG_1795-260x185.jpg\" class=\"wp-image-1464 avia-img-lazy-loading-not-1464 attachment-portfolio_small size-portfolio_small wp-post-image\" alt=\"\" \/><\/a><div class='grid-content'><div class='avia-arrow'><\/div><header class=\"entry-content-header\"><h3 class='grid-entry-title entry-title '  itemprop=\"headline\" ><a href='https:\/\/priort.com\/ca\/portfolio-item\/decoracio-textil-llavaneres\/' title='Decoraci\u00f3 t\u00e8xtil Llavaneres'>Decoraci\u00f3 t\u00e8xtil Llavaneres<\/a><\/h3><\/header><\/div><footer class=\"entry-footer\"><\/footer><\/article><\/div><\/div><\/div>   <!--   class=\"av-portfolio-grid-sorting-container\"  --><\/div><\/p>\n","protected":false},"excerpt":{"rendered":"","protected":false},"author":1,"featured_media":0,"parent":0,"menu_order":0,"comment_status":"closed","ping_status":"closed","template":"","meta":{"footnotes":""},"class_list":["post-1661","page","type-page","status-publish","hentry"],"yoast_head":"<!-- This site is optimized with the Yoast SEO plugin v27.6 - https:\/\/yoast.com\/product\/yoast-seo-wordpress\/ -->\n<title>La teva llar - Priort Decoraci\u00f3n<\/title>\n<meta name=\"description\" content=\"A Prior Decoraci\u00f3 oferim assessorament per a la teva llar, fabriquem tots els nostres productes a mida i els instal\u00b7lem.\" \/>\n<meta name=\"robots\" content=\"index, follow, max-snippet:-1, max-image-preview:large, max-video-preview:-1\" \/>\n<link rel=\"canonical\" href=\"https:\/\/priort.com\/ca\/la-teva-llar\/\" \/>\n<meta property=\"og:locale\" content=\"ca_ES\" \/>\n<meta property=\"og:type\" content=\"article\" \/>\n<meta property=\"og:title\" content=\"La teva llar - Priort Decoraci\u00f3n\" \/>\n<meta property=\"og:description\" content=\"A Prior Decoraci\u00f3 oferim assessorament per a la teva llar, fabriquem tots els nostres productes a mida i els instal\u00b7lem.\" \/>\n<meta property=\"og:url\" content=\"https:\/\/priort.com\/ca\/la-teva-llar\/\" \/>\n<meta property=\"og:site_name\" content=\"Priort Decoraci\u00f3n\" \/>\n<meta property=\"article:modified_time\" content=\"2023-03-08T10:23:02+00:00\" \/>\n<meta name=\"twitter:card\" content=\"summary_large_image\" \/>\n<meta name=\"twitter:label1\" content=\"Temps estimat de lectura\" \/>\n\t<meta name=\"twitter:data1\" content=\"7 minuts\" \/>\n<script type=\"application\/ld+json\" class=\"yoast-schema-graph\">{\"@context\":\"https:\\\/\\\/schema.org\",\"@graph\":[{\"@type\":\"WebPage\",\"@id\":\"https:\\\/\\\/priort.com\\\/ca\\\/la-teva-llar\\\/\",\"url\":\"https:\\\/\\\/priort.com\\\/ca\\\/la-teva-llar\\\/\",\"name\":\"La teva llar - Priort Decoraci\u00f3n\",\"isPartOf\":{\"@id\":\"https:\\\/\\\/priort.com\\\/ca\\\/#website\"},\"datePublished\":\"2022-08-25T17:40:43+00:00\",\"dateModified\":\"2023-03-08T10:23:02+00:00\",\"description\":\"A Prior Decoraci\u00f3 oferim assessorament per a la teva llar, fabriquem tots els nostres productes a mida i els instal\u00b7lem.\",\"breadcrumb\":{\"@id\":\"https:\\\/\\\/priort.com\\\/ca\\\/la-teva-llar\\\/#breadcrumb\"},\"inLanguage\":\"ca\",\"potentialAction\":[{\"@type\":\"ReadAction\",\"target\":[\"https:\\\/\\\/priort.com\\\/ca\\\/la-teva-llar\\\/\"]}]},{\"@type\":\"BreadcrumbList\",\"@id\":\"https:\\\/\\\/priort.com\\\/ca\\\/la-teva-llar\\\/#breadcrumb\",\"itemListElement\":[{\"@type\":\"ListItem\",\"position\":1,\"name\":\"Portada\",\"item\":\"https:\\\/\\\/priort.com\\\/ca\\\/home\\\/\"},{\"@type\":\"ListItem\",\"position\":2,\"name\":\"La teva llar\"}]},{\"@type\":\"WebSite\",\"@id\":\"https:\\\/\\\/priort.com\\\/ca\\\/#website\",\"url\":\"https:\\\/\\\/priort.com\\\/ca\\\/\",\"name\":\"Priort Decoraci\u00f3n\",\"description\":\"Just another WordPress site\",\"publisher\":{\"@id\":\"https:\\\/\\\/priort.com\\\/ca\\\/#organization\"},\"potentialAction\":[{\"@type\":\"SearchAction\",\"target\":{\"@type\":\"EntryPoint\",\"urlTemplate\":\"https:\\\/\\\/priort.com\\\/ca\\\/?s={search_term_string}\"},\"query-input\":{\"@type\":\"PropertyValueSpecification\",\"valueRequired\":true,\"valueName\":\"search_term_string\"}}],\"inLanguage\":\"ca\"},{\"@type\":\"Organization\",\"@id\":\"https:\\\/\\\/priort.com\\\/ca\\\/#organization\",\"name\":\"Priort Decoraci\u00f3n\",\"url\":\"https:\\\/\\\/priort.com\\\/ca\\\/\",\"logo\":{\"@type\":\"ImageObject\",\"inLanguage\":\"ca\",\"@id\":\"https:\\\/\\\/priort.com\\\/ca\\\/#\\\/schema\\\/logo\\\/image\\\/\",\"url\":\"https:\\\/\\\/priort.com\\\/wp-content\\\/uploads\\\/2022\\\/09\\\/priort_logo.jpg\",\"contentUrl\":\"https:\\\/\\\/priort.com\\\/wp-content\\\/uploads\\\/2022\\\/09\\\/priort_logo.jpg\",\"width\":802,\"height\":779,\"caption\":\"Priort Decoraci\u00f3n\"},\"image\":{\"@id\":\"https:\\\/\\\/priort.com\\\/ca\\\/#\\\/schema\\\/logo\\\/image\\\/\"}}]}<\/script>\n<!-- \/ Yoast SEO plugin. -->","yoast_head_json":{"title":"La teva llar - Priort Decoraci\u00f3n","description":"A Prior Decoraci\u00f3 oferim assessorament per a la teva llar, fabriquem tots els nostres productes a mida i els instal\u00b7lem.","robots":{"index":"index","follow":"follow","max-snippet":"max-snippet:-1","max-image-preview":"max-image-preview:large","max-video-preview":"max-video-preview:-1"},"canonical":"https:\/\/priort.com\/ca\/la-teva-llar\/","og_locale":"ca_ES","og_type":"article","og_title":"La teva llar - Priort Decoraci\u00f3n","og_description":"A Prior Decoraci\u00f3 oferim assessorament per a la teva llar, fabriquem tots els nostres productes a mida i els instal\u00b7lem.","og_url":"https:\/\/priort.com\/ca\/la-teva-llar\/","og_site_name":"Priort Decoraci\u00f3n","article_modified_time":"2023-03-08T10:23:02+00:00","twitter_card":"summary_large_image","twitter_misc":{"Temps estimat de lectura":"7 minuts"},"schema":{"@context":"https:\/\/schema.org","@graph":[{"@type":"WebPage","@id":"https:\/\/priort.com\/ca\/la-teva-llar\/","url":"https:\/\/priort.com\/ca\/la-teva-llar\/","name":"La teva llar - Priort Decoraci\u00f3n","isPartOf":{"@id":"https:\/\/priort.com\/ca\/#website"},"datePublished":"2022-08-25T17:40:43+00:00","dateModified":"2023-03-08T10:23:02+00:00","description":"A Prior Decoraci\u00f3 oferim assessorament per a la teva llar, fabriquem tots els nostres productes a mida i els instal\u00b7lem.","breadcrumb":{"@id":"https:\/\/priort.com\/ca\/la-teva-llar\/#breadcrumb"},"inLanguage":"ca","potentialAction":[{"@type":"ReadAction","target":["https:\/\/priort.com\/ca\/la-teva-llar\/"]}]},{"@type":"BreadcrumbList","@id":"https:\/\/priort.com\/ca\/la-teva-llar\/#breadcrumb","itemListElement":[{"@type":"ListItem","position":1,"name":"Portada","item":"https:\/\/priort.com\/ca\/home\/"},{"@type":"ListItem","position":2,"name":"La teva llar"}]},{"@type":"WebSite","@id":"https:\/\/priort.com\/ca\/#website","url":"https:\/\/priort.com\/ca\/","name":"Priort Decoraci\u00f3n","description":"Just another WordPress site","publisher":{"@id":"https:\/\/priort.com\/ca\/#organization"},"potentialAction":[{"@type":"SearchAction","target":{"@type":"EntryPoint","urlTemplate":"https:\/\/priort.com\/ca\/?s={search_term_string}"},"query-input":{"@type":"PropertyValueSpecification","valueRequired":true,"valueName":"search_term_string"}}],"inLanguage":"ca"},{"@type":"Organization","@id":"https:\/\/priort.com\/ca\/#organization","name":"Priort Decoraci\u00f3n","url":"https:\/\/priort.com\/ca\/","logo":{"@type":"ImageObject","inLanguage":"ca","@id":"https:\/\/priort.com\/ca\/#\/schema\/logo\/image\/","url":"https:\/\/priort.com\/wp-content\/uploads\/2022\/09\/priort_logo.jpg","contentUrl":"https:\/\/priort.com\/wp-content\/uploads\/2022\/09\/priort_logo.jpg","width":802,"height":779,"caption":"Priort Decoraci\u00f3n"},"image":{"@id":"https:\/\/priort.com\/ca\/#\/schema\/logo\/image\/"}}]}},"_links":{"self":[{"href":"https:\/\/priort.com\/ca\/wp-json\/wp\/v2\/pages\/1661","targetHints":{"allow":["GET"]}}],"collection":[{"href":"https:\/\/priort.com\/ca\/wp-json\/wp\/v2\/pages"}],"about":[{"href":"https:\/\/priort.com\/ca\/wp-json\/wp\/v2\/types\/page"}],"author":[{"embeddable":true,"href":"https:\/\/priort.com\/ca\/wp-json\/wp\/v2\/users\/1"}],"replies":[{"embeddable":true,"href":"https:\/\/priort.com\/ca\/wp-json\/wp\/v2\/comments?post=1661"}],"version-history":[{"count":0,"href":"https:\/\/priort.com\/ca\/wp-json\/wp\/v2\/pages\/1661\/revisions"}],"wp:attachment":[{"href":"https:\/\/priort.com\/ca\/wp-json\/wp\/v2\/media?parent=1661"}],"curies":[{"name":"wp","href":"https:\/\/api.w.org\/{rel}","templated":true}]}}